{"id":1314,"date":"2024-05-09T00:05:13","date_gmt":"2024-05-08T22:05:13","guid":{"rendered":"https:\/\/www.lts-spedition.de\/?page_id=1314"},"modified":"2024-07-02T22:02:20","modified_gmt":"2024-07-02T20:02:20","slug":"fuhrpark","status":"publish","type":"page","link":"https:\/\/www.lts-spedition.de\/index.php\/fuhrpark\/","title":{"rendered":"Fuhrpark"},"content":{"rendered":"\n<div class=\"wp-block-stackable-columns alignfull stk-block-columns stk-block stk-36fcc65 stk-block-background\" data-block-id=\"36fcc65\"><style>.stk-36fcc65{background-color:#0052a0 !important;background-position:center right !important;background-repeat:no-repeat !important;background-size:25% !important;padding-top:0px !important;padding-right:0px !important;padding-bottom:0px !important;padding-left:0px !important;margin-bottom:0px !important}.stk-36fcc65:before{background-color:#0052a0 !important}<\/style><div class=\"stk-row stk-inner-blocks stk-block-content stk-content-align stk-36fcc65-column alignfull\">\n<div class=\"wp-block-stackable-column stk-block-column stk-column stk-block stk-4cc4455 stk-block-background stk--has-background-overlay\" data-v=\"4\" data-block-id=\"4cc4455\"><style>.stk-4cc4455-container{margin-top:0px !important;margin-right:0px !important;margin-bottom:0px !important;margin-left:0px !important;min-height:420px !important}.stk-4cc4455{background-image:url(https:\/\/www.lts-spedition.de\/wp-content\/uploads\/2024\/05\/home-bg1.jpg) !important;padding-top:0px !important;padding-right:0px !important;padding-bottom:0px !important;padding-left:0px !important}<\/style><div class=\"stk-column-wrapper stk-block-column__content stk-container stk-4cc4455-container stk--no-background stk--no-padding\"><div class=\"stk-block-content stk-inner-blocks stk-4cc4455-inner-blocks\"><\/div><\/div><\/div>\n<\/div><\/div>\n\n\n\n<div class=\"wp-block-stackable-spacer stk-block-spacer stk--no-padding stk-block stk-fda9afc\" data-block-id=\"fda9afc\"><style>.stk-fda9afc{height:75px !important}<\/style><\/div>\n\n\n\n<div class=\"wp-block-stackable-columns stk-block-columns stk-block stk-f4be6b7\" data-block-id=\"f4be6b7\"><div class=\"stk-row stk-inner-blocks stk-block-content stk-content-align stk-f4be6b7-column\">\n<div class=\"wp-block-stackable-column stk-block-column stk-column stk-block stk-a2a5382\" data-v=\"4\" data-block-id=\"a2a5382\"><div class=\"stk-column-wrapper stk-block-column__content stk-container stk-a2a5382-container stk--no-background stk--no-padding\"><div class=\"stk-block-content stk-inner-blocks stk-a2a5382-inner-blocks\">\n<div class=\"wp-block-stackable-heading stk-block-heading stk-block-heading--v2 stk-block stk-1666010\" id=\"fuhrpark\" data-block-id=\"1666010\"><style>.stk-1666010 .stk-block-heading__text{font-size:45px !important;color:#b4b4b4 !important}@media screen and (max-width:999px){.stk-1666010 .stk-block-heading__text{font-size:45px !important}}@media screen and (max-width:689px){.stk-1666010 .stk-block-heading__text{font-size:25px !important}}<\/style><h2 class=\"stk-block-heading__text has-text-color\">FUHRPARK<\/h2><\/div>\n\n\n\n<div class=\"wp-block-stackable-text stk-block-text stk-block stk-1a45982\" data-block-id=\"1a45982\"><p class=\"stk-block-text__text\">Die LTS Spedition legt Wert auf einen sauberen und gepflegten Fuhrpark, der stets auf dem neuesten Stand der Technik ist. Schlie\u00dflich ist der Fuhrpark unsere Visitenkarte auf den Stra\u00dfen Europas!<\/p><\/div>\n<\/div><\/div><\/div>\n\n\n\n<div class=\"wp-block-stackable-column stk-block-column stk-column stk-block stk-eabfc1e\" data-v=\"4\" data-block-id=\"eabfc1e\"><div class=\"stk-column-wrapper stk-block-column__content stk-container stk-eabfc1e-container stk--no-background stk--no-padding\"><div class=\"stk-block-content stk-inner-blocks stk-eabfc1e-inner-blocks\">\n<figure class=\"wp-block-image size-full\"><img loading=\"lazy\" decoding=\"async\" width=\"800\" height=\"533\" src=\"https:\/\/www.lts-spedition.de\/wp-content\/uploads\/2024\/05\/lts-fuhrpark-1.jpg\" alt=\"\" class=\"wp-image-1419\" srcset=\"https:\/\/www.lts-spedition.de\/wp-content\/uploads\/2024\/05\/lts-fuhrpark-1.jpg 800w, https:\/\/www.lts-spedition.de\/wp-content\/uploads\/2024\/05\/lts-fuhrpark-1-300x200.jpg 300w, https:\/\/www.lts-spedition.de\/wp-content\/uploads\/2024\/05\/lts-fuhrpark-1-768x512.jpg 768w\" sizes=\"auto, (max-width: 800px) 100vw, 800px\" \/><\/figure>\n<\/div><\/div><\/div>\n<\/div><\/div>\n\n\n\n<div class=\"wp-block-stackable-spacer stk-block-spacer stk--no-padding stk-block stk-d083589\" data-block-id=\"d083589\"><style>.stk-d083589{height:75px !important}<\/style><\/div>\n\n\n\n<div class=\"wp-block-stackable-columns stk-block-columns stk-block stk-7f2a830\" data-block-id=\"7f2a830\"><style>@media screen and (max-width:689px){.stk-7f2a830-column{--stk-columns-spacing:30px !important}}<\/style><div class=\"stk-row stk-inner-blocks stk-block-content stk-content-align stk-7f2a830-column\">\n<div class=\"wp-block-stackable-column stk-block-column stk-column stk-block stk-c0ae0bf\" data-v=\"4\" data-block-id=\"c0ae0bf\"><div class=\"stk-column-wrapper stk-block-column__content stk-container stk-c0ae0bf-container stk--no-background stk--no-padding\"><div class=\"has-text-align-center stk-block-content stk-inner-blocks stk-c0ae0bf-inner-blocks\">\n<div class=\"wp-block-stackable-image stk-block-image stk-block stk-5d6ea05\" data-block-id=\"5d6ea05\"><style>.stk-5d6ea05 .stk-img-wrapper{width:100px !important}<\/style><figure><span class=\"stk-img-wrapper stk-image--shape-stretch\"><img loading=\"lazy\" decoding=\"async\" class=\"stk-img wp-image-1601\" src=\"https:\/\/www.lts-spedition.de\/wp-content\/uploads\/2024\/07\/ltskuehlung2.svg\" width=\"100\" height=\"300\"\/><\/span><\/figure><\/div>\n\n\n\n<div class=\"wp-block-stackable-heading stk-block-heading stk-block-heading--v2 stk-block stk-0c8738c\" id=\"strong-kuhlsattelzug-strong\" data-block-id=\"0c8738c\"><style>.stk-0c8738c{margin-bottom:0px !important}.stk-0c8738c .stk-block-heading__text{font-size:24px !important;color:#0052a0 !important}@media screen and (max-width:999px){.stk-0c8738c .stk-block-heading__text{font-size:24px !important}}<\/style><h3 class=\"stk-block-heading__text has-text-color\"><strong>K\u00dcHLSATTELZUG<\/strong><\/h3><\/div>\n\n\n\n<div class=\"wp-block-stackable-text stk-block-text stk-block stk-c08d8ac\" data-block-id=\"c08d8ac\"><p class=\"stk-block-text__text\">33 Stellpl\u00e4tze mit zwei Palettenk\u00e4sten.<\/p><\/div>\n<\/div><\/div><\/div>\n\n\n\n<div class=\"wp-block-stackable-column stk-block-column stk-column stk-block stk-5895e00\" data-v=\"4\" data-block-id=\"5895e00\"><div class=\"stk-column-wrapper stk-block-column__content stk-container stk-5895e00-container stk--no-background stk--no-padding\"><div class=\"has-text-align-center stk-block-content stk-inner-blocks stk-5895e00-inner-blocks\">\n<div class=\"wp-block-stackable-image stk-block-image stk-block stk-5c6cb3e\" data-block-id=\"5c6cb3e\"><style>.stk-5c6cb3e .stk-img-wrapper{width:100px !important}<\/style><figure><span class=\"stk-img-wrapper stk-image--shape-stretch\"><img loading=\"lazy\" decoding=\"async\" class=\"stk-img wp-image-1602\" src=\"https:\/\/www.lts-spedition.de\/wp-content\/uploads\/2024\/07\/ltstrennwand.svg\" width=\"100\" height=\"300\"\/><\/span><\/figure><\/div>\n\n\n\n<div class=\"wp-block-stackable-heading stk-block-heading stk-block-heading--v2 stk-block stk-d4ccda3\" id=\"strong-trennwand-strong\" data-block-id=\"d4ccda3\"><style>.stk-d4ccda3{margin-bottom:0px !important}.stk-d4ccda3 .stk-block-heading__text{font-size:24px !important;color:#0052a0 !important}@media screen and (max-width:999px){.stk-d4ccda3 .stk-block-heading__text{font-size:24px !important}}<\/style><h3 class=\"stk-block-heading__text has-text-color\"><strong>TRENNWAND<\/strong><\/h3><\/div>\n\n\n\n<div class=\"wp-block-stackable-text stk-block-text stk-block stk-640126a\" data-block-id=\"640126a\"><p class=\"stk-block-text__text\">Durch die flexibel verschiebbare Trennwand k\u00f6nnen Produktgruppen auf dem Auflieger getrennt voneinander transportiert werden. Weiterhin k\u00f6nnen Waren in zwei verschiedene Temperaturzonen transportiert werden.<\/p><\/div>\n<\/div><\/div><\/div>\n<\/div><\/div>\n\n\n\n<div class=\"wp-block-stackable-columns stk-block-columns stk-block stk-c059dee\" data-block-id=\"c059dee\"><style>@media screen and (max-width:689px){.stk-c059dee-column{--stk-columns-spacing:31px !important}}<\/style><div class=\"stk-row stk-inner-blocks stk-block-content stk-content-align stk-c059dee-column\">\n<div class=\"wp-block-stackable-column stk-block-column stk-column stk-block stk-22fe281\" data-v=\"4\" data-block-id=\"22fe281\"><div class=\"stk-column-wrapper stk-block-column__content stk-container stk-22fe281-container stk--no-background stk--no-padding\"><div class=\"has-text-align-center stk-block-content stk-inner-blocks stk-22fe281-inner-blocks\">\n<div class=\"wp-block-stackable-image stk-block-image stk-block stk-96685a2\" data-block-id=\"96685a2\"><style>.stk-96685a2 .stk-img-wrapper{width:100px !important}<\/style><figure><span class=\"stk-img-wrapper stk-image--shape-stretch\"><img loading=\"lazy\" decoding=\"async\" class=\"stk-img wp-image-1603\" src=\"https:\/\/www.lts-spedition.de\/wp-content\/uploads\/2024\/07\/ltskuehlung.svg\" width=\"100\" height=\"300\"\/><\/span><\/figure><\/div>\n\n\n\n<div class=\"wp-block-stackable-heading stk-block-heading stk-block-heading--v2 stk-block stk-88717dd\" id=\"strong-doppelverdampfer-bi-temp-auflieger-strong\" data-block-id=\"88717dd\"><style>.stk-88717dd{margin-bottom:0px !important}.stk-88717dd .stk-block-heading__text{font-size:24px !important;color:#0052a0 !important}@media screen and (max-width:999px){.stk-88717dd .stk-block-heading__text{font-size:24px !important}}<\/style><h3 class=\"stk-block-heading__text has-text-color\"><strong>DOPPELVERDAMPFER (BI-TEMP AUFLIEGER)<\/strong><\/h3><\/div>\n\n\n\n<div class=\"wp-block-stackable-text stk-block-text stk-block stk-eda8647\" data-block-id=\"eda8647\"><p class=\"stk-block-text__text\">Auflieger mit Trennwand und Doppelverdampfer erm\u00f6glichen den Transport in zwei verschiedenen aktiven K\u00fchlbereichen, z.B. TK (-25\u00b0C) und Frische (0\u00b0C) auf einem Auflieger.<\/p><\/div>\n<\/div><\/div><\/div>\n\n\n\n<div class=\"wp-block-stackable-column stk-block-column stk-column stk-block stk-c63a4d1\" data-v=\"4\" data-block-id=\"c63a4d1\"><div class=\"stk-column-wrapper stk-block-column__content stk-container stk-c63a4d1-container stk--no-background stk--no-padding\"><div class=\"has-text-align-center stk-block-content stk-inner-blocks stk-c63a4d1-inner-blocks\">\n<div class=\"wp-block-stackable-image stk-block-image stk-block stk-ce67ad5\" data-block-id=\"ce67ad5\"><style>.stk-ce67ad5 .stk-img-wrapper{width:100px !important}<\/style><figure><span class=\"stk-img-wrapper stk-image--shape-stretch\"><img loading=\"lazy\" decoding=\"async\" class=\"stk-img wp-image-1604\" src=\"https:\/\/www.lts-spedition.de\/wp-content\/uploads\/2024\/07\/ltshaken.svg\" width=\"100\" height=\"300\"\/><\/span><\/figure><\/div>\n\n\n\n<div class=\"wp-block-stackable-heading stk-block-heading stk-block-heading--v2 stk-block stk-ee3d6a4\" id=\"strong-rohrbahner-mit-fleischhaken-strong\" data-block-id=\"ee3d6a4\"><style>.stk-ee3d6a4{margin-bottom:0px !important}.stk-ee3d6a4 .stk-block-heading__text{font-size:24px !important;color:#0052a0 !important}@media screen and (max-width:999px){.stk-ee3d6a4 .stk-block-heading__text{font-size:24px !important}}<\/style><h3 class=\"stk-block-heading__text has-text-color\"><strong>ROHRBAHNER MIT FLEISCHHAKEN<\/strong><\/h3><\/div>\n\n\n\n<div class=\"wp-block-stackable-text stk-block-text stk-block stk-5b63b2f\" data-block-id=\"5b63b2f\"><p class=\"stk-block-text__text\">F\u00fcr den Transport von h\u00e4ngendem Fleisch (Schweine, Rinder, Puten) sind unsere Auflieger mit Rohrbahnen (Euro-Rohrbahn) und Fleischhaken ausgestattet.<\/p><\/div>\n<\/div><\/div><\/div>\n<\/div><\/div>\n\n\n\n<div class=\"wp-block-stackable-spacer stk-block-spacer stk--no-padding stk-block stk-d1dd531\" data-block-id=\"d1dd531\"><style>.stk-d1dd531{height:100px !important}<\/style><\/div>\n","protected":false},"excerpt":{"rendered":"<p>FUHRPARK Die LTS Spedition legt Wert auf einen sauberen und gepflegten Fuhrpark, der stets auf dem neuesten Stand der Technik ist. Schlie\u00dflich ist der Fuhrpark unsere Visitenkarte auf den Stra\u00dfen Europas! K\u00dcHLSATTELZUG 33 Stellpl\u00e4tze mit zwei Palettenk\u00e4sten. TRENNWAND Durch die flexibel verschiebbare Trennwand k\u00f6nnen Produktgruppen auf dem Auflieger getrennt voneinander transportiert werden. Weiterhin k\u00f6nnen Waren [&hellip;]<\/p>\n","protected":false},"author":1,"featured_media":0,"parent":0,"menu_order":0,"comment_status":"closed","ping_status":"closed","template":"","meta":{"footnotes":""},"class_list":["post-1314","page","type-page","status-publish","hentry"],"blocksy_meta":[],"_links":{"self":[{"href":"https:\/\/www.lts-spedition.de\/index.php\/wp-json\/wp\/v2\/pages\/1314","targetHints":{"allow":["GET"]}}],"collection":[{"href":"https:\/\/www.lts-spedition.de\/index.php\/wp-json\/wp\/v2\/pages"}],"about":[{"href":"https:\/\/www.lts-spedition.de\/index.php\/wp-json\/wp\/v2\/types\/page"}],"author":[{"embeddable":true,"href":"https:\/\/www.lts-spedition.de\/index.php\/wp-json\/wp\/v2\/users\/1"}],"replies":[{"embeddable":true,"href":"https:\/\/www.lts-spedition.de\/index.php\/wp-json\/wp\/v2\/comments?post=1314"}],"version-history":[{"count":0,"href":"https:\/\/www.lts-spedition.de\/index.php\/wp-json\/wp\/v2\/pages\/1314\/revisions"}],"wp:attachment":[{"href":"https:\/\/www.lts-spedition.de\/index.php\/wp-json\/wp\/v2\/media?parent=1314"}],"curies":[{"name":"wp","href":"https:\/\/api.w.org\/{rel}","templated":true}]}}