{"id":1318,"date":"2024-05-09T00:05:46","date_gmt":"2024-05-08T22:05:46","guid":{"rendered":"https:\/\/www.lts-spedition.de\/?page_id=1318"},"modified":"2024-07-02T21:59:33","modified_gmt":"2024-07-02T19:59:33","slug":"branchen","status":"publish","type":"page","link":"https:\/\/www.lts-spedition.de\/index.php\/branchen\/","title":{"rendered":"Branchen"},"content":{"rendered":"\n<div class=\"wp-block-stackable-columns alignfull stk-block-columns stk-block stk-36fcc65 stk-block-background\" data-block-id=\"36fcc65\"><style>.stk-36fcc65{background-color:#0052a0 !important;background-position:center right !important;background-repeat:no-repeat !important;background-size:25% !important;padding-top:0px !important;padding-right:0px !important;padding-bottom:0px !important;padding-left:0px !important;margin-bottom:0px !important}.stk-36fcc65:before{background-color:#0052a0 !important}<\/style><div class=\"stk-row stk-inner-blocks stk-block-content stk-content-align stk-36fcc65-column alignfull\">\n<div class=\"wp-block-stackable-column stk-block-column stk-column stk-block stk-4cc4455 stk-block-background stk--has-background-overlay\" data-v=\"4\" data-block-id=\"4cc4455\"><style>.stk-4cc4455-container{margin-top:0px !important;margin-right:0px !important;margin-bottom:0px !important;margin-left:0px !important;min-height:420px !important}.stk-4cc4455{background-image:url(https:\/\/www.lts-spedition.de\/wp-content\/uploads\/2024\/05\/home-bg1.jpg) !important;padding-top:0px !important;padding-right:0px !important;padding-bottom:0px !important;padding-left:0px !important}<\/style><div class=\"stk-column-wrapper stk-block-column__content stk-container stk-4cc4455-container stk--no-background stk--no-padding\"><div class=\"stk-block-content stk-inner-blocks stk-4cc4455-inner-blocks\"><\/div><\/div><\/div>\n<\/div><\/div>\n\n\n\n<div class=\"wp-block-stackable-spacer stk-block-spacer stk--no-padding stk-block stk-361a0a7\" data-block-id=\"361a0a7\"><\/div>\n\n\n\n<div class=\"wp-block-stackable-columns stk-block-columns stk-block stk-f4be6b7\" data-block-id=\"f4be6b7\"><div class=\"stk-row stk-inner-blocks stk-block-content stk-content-align stk-f4be6b7-column\">\n<div class=\"wp-block-stackable-column stk-block-column stk-column stk-block stk-a2a5382\" data-v=\"4\" data-block-id=\"a2a5382\"><div class=\"stk-column-wrapper stk-block-column__content stk-container stk-a2a5382-container stk--no-background stk--no-padding\"><div class=\"stk-block-content stk-inner-blocks stk-a2a5382-inner-blocks\">\n<div class=\"wp-block-stackable-heading stk-block-heading stk-block-heading--v2 stk-block stk-1666010\" id=\"ultra-frische\" data-block-id=\"1666010\"><style>.stk-1666010 .stk-block-heading__text{font-size:45px !important;color:#b4b4b4 !important}@media screen and (max-width:999px){.stk-1666010 .stk-block-heading__text{font-size:45px !important}}@media screen and (max-width:689px){.stk-1666010 .stk-block-heading__text{font-size:25px !important}}<\/style><h2 class=\"stk-block-heading__text has-text-color\">ULTRA FRISCHE<\/h2><\/div>\n\n\n\n<div class=\"wp-block-stackable-text stk-block-text stk-block stk-1a45982\" data-block-id=\"1a45982\"><p class=\"stk-block-text__text\">Der sensible Transport von Lebensmitteln im Ultra- Frische Temperaturbereich von ca. -1\u00b0 C bis +1\u00b0 C ist unser Kerngesch\u00e4ft. Egal ob Frischfleisch, Molkereiprodukte oder Feinkost: Wir garantieren den reibungslosen und p\u00fcnktlichen Transport Ihrer Produkte. Jederzeit. \u00dcberall.<\/p><\/div>\n<\/div><\/div><\/div>\n\n\n\n<div class=\"wp-block-stackable-column stk-block-column stk-column stk-block stk-eabfc1e\" data-v=\"4\" data-block-id=\"eabfc1e\"><div class=\"stk-column-wrapper stk-block-column__content stk-container stk-eabfc1e-container stk--no-background stk--no-padding\"><div class=\"stk-block-content stk-inner-blocks stk-eabfc1e-inner-blocks\">\n<figure class=\"wp-block-image size-full\"><img loading=\"lazy\" decoding=\"async\" width=\"800\" height=\"533\" src=\"https:\/\/www.lts-spedition.de\/wp-content\/uploads\/2024\/07\/lts-spedition-ultra-frische.jpg\" alt=\"LTS Frische\" class=\"wp-image-1579\" srcset=\"https:\/\/www.lts-spedition.de\/wp-content\/uploads\/2024\/07\/lts-spedition-ultra-frische.jpg 800w, https:\/\/www.lts-spedition.de\/wp-content\/uploads\/2024\/07\/lts-spedition-ultra-frische-300x200.jpg 300w, https:\/\/www.lts-spedition.de\/wp-content\/uploads\/2024\/07\/lts-spedition-ultra-frische-768x512.jpg 768w\" sizes=\"auto, (max-width: 800px) 100vw, 800px\" \/><\/figure>\n<\/div><\/div><\/div>\n<\/div><\/div>\n\n\n\n<div class=\"wp-block-stackable-spacer stk-block-spacer stk--no-padding stk-block stk-a795ff8\" data-block-id=\"a795ff8\"><\/div>\n\n\n\n<div class=\"wp-block-stackable-columns stk-block-columns stk-block stk-e1997cf\" data-block-id=\"e1997cf\"><div class=\"stk-row stk-inner-blocks stk-block-content stk-content-align stk-e1997cf-column\">\n<div class=\"wp-block-stackable-column stk-block-column stk-column stk-block stk-60a7dd2\" data-v=\"4\" data-block-id=\"60a7dd2\"><div class=\"stk-column-wrapper stk-block-column__content stk-container stk-60a7dd2-container stk--no-background stk--no-padding\"><div class=\"stk-block-content stk-inner-blocks stk-60a7dd2-inner-blocks\">\n<figure class=\"wp-block-image size-full\"><img loading=\"lazy\" decoding=\"async\" width=\"800\" height=\"533\" src=\"https:\/\/www.lts-spedition.de\/wp-content\/uploads\/2024\/07\/lts-spedition-frischfleisch.jpg\" alt=\"\" class=\"wp-image-1613\" srcset=\"https:\/\/www.lts-spedition.de\/wp-content\/uploads\/2024\/07\/lts-spedition-frischfleisch.jpg 800w, https:\/\/www.lts-spedition.de\/wp-content\/uploads\/2024\/07\/lts-spedition-frischfleisch-300x200.jpg 300w, https:\/\/www.lts-spedition.de\/wp-content\/uploads\/2024\/07\/lts-spedition-frischfleisch-768x512.jpg 768w\" sizes=\"auto, (max-width: 800px) 100vw, 800px\" \/><\/figure>\n<\/div><\/div><\/div>\n\n\n\n<div class=\"wp-block-stackable-column stk-block-column stk-column stk-block stk-258ea36\" data-v=\"4\" data-block-id=\"258ea36\"><div class=\"stk-column-wrapper stk-block-column__content stk-container stk-258ea36-container stk--no-background stk--no-padding\"><div class=\"stk-block-content stk-inner-blocks stk-258ea36-inner-blocks\">\n<div class=\"wp-block-stackable-heading stk-block-heading stk-block-heading--v2 stk-block stk-8e8b172\" id=\"frischfleisch-amp-wurstwaren\" data-block-id=\"8e8b172\"><style>.stk-8e8b172 .stk-block-heading__text{font-size:45px !important;color:#b4b4b4 !important}@media screen and (max-width:999px){.stk-8e8b172 .stk-block-heading__text{font-size:45px !important}}@media screen and (max-width:689px){.stk-8e8b172 .stk-block-heading__text{font-size:25px !important}}<\/style><h2 class=\"stk-block-heading__text has-text-color\">FRISCHFLEISCH &amp; WURSTWAREN<\/h2><\/div>\n\n\n\n<div class=\"wp-block-stackable-text stk-block-text stk-block stk-fe9d181\" data-block-id=\"fe9d181\"><p class=\"stk-block-text__text\">Der Transport von Fleisch, ob h\u00e4ngend, verpackt oder offen in E2 Kisten, ist ebenfalls eine Kernkompetenz der LTS Speditionsgesellschaft mbH. Schlie\u00dflich vertrauen unsere Kunden dem LTS-Know-how bereits seit vielen Jahren aus gutem Grund: Durch unsere IFS logistic 2.1-Zertifizierung sowie regelm\u00e4\u00dfige Schulungen kennen unsere Mitarbeiter im B\u00fcro und auf der Stra\u00dfe die Anforderungen der lebensmittelverarbeitenden Industrie.<\/p><\/div>\n<\/div><\/div><\/div>\n<\/div><\/div>\n\n\n\n<div class=\"wp-block-stackable-spacer stk-block-spacer stk--no-padding stk-block stk-0c5d273\" data-block-id=\"0c5d273\"><\/div>\n\n\n\n<div class=\"wp-block-stackable-columns stk-block-columns stk-block stk-efbd6da\" data-block-id=\"efbd6da\"><div class=\"stk-row stk-inner-blocks stk-block-content stk-content-align stk-efbd6da-column\">\n<div class=\"wp-block-stackable-column stk-block-column stk-column stk-block stk-cfc7ac7\" data-v=\"4\" data-block-id=\"cfc7ac7\"><div class=\"stk-column-wrapper stk-block-column__content stk-container stk-cfc7ac7-container stk--no-background stk--no-padding\"><div class=\"stk-block-content stk-inner-blocks stk-cfc7ac7-inner-blocks\">\n<div class=\"wp-block-stackable-heading stk-block-heading stk-block-heading--v2 stk-block stk-ae4a339\" id=\"obst-amp-gemuse\" data-block-id=\"ae4a339\"><style>.stk-ae4a339 .stk-block-heading__text{font-size:45px !important;color:#b4b4b4 !important}@media screen and (max-width:999px){.stk-ae4a339 .stk-block-heading__text{font-size:45px !important}}@media screen and (max-width:689px){.stk-ae4a339 .stk-block-heading__text{font-size:25px !important}}<\/style><h2 class=\"stk-block-heading__text has-text-color\">OBST &amp; GEM\u00dcSE<\/h2><\/div>\n\n\n\n<p>Mit dem Transport von leicht verderblichen G\u00fctern wie Obst und Gem\u00fcse kennen wir uns bestens aus. Hier sind Schnelligkeit und Pr\u00e4zision gefragt, denn gerade bei der Belieferung von Gro\u00dfh\u00e4ndlern und Gro\u00dfm\u00e4rkten z\u00e4hlt jede Minute.<\/p>\n\n\n\n<p>Seit dem Jahr 2014 nehmen wir freiwillig am QS-System Obst, Gem\u00fcse und Kartoffeln teil und wurden seitens der Dekra Certification zertifiziert. Nur Obst, Gem\u00fcse und Kartoffeln, deren Herstellung und Vermarktung vom Erzeuger bis zur Ladentheke gr\u00fcndlich kontrolliert wurden, tragen das blaue QS-Pr\u00fcfzeichen. Die eindeutige Kennzeichnung der Produkte aus kontrollierter Erzeugung und Vermarktung mit dem QS-Pr\u00fcfzeichen macht das Engagement aller Beteiligten f\u00fcr sichere Lebensmittel transparent.<\/p>\n<\/div><\/div><\/div>\n\n\n\n<div class=\"wp-block-stackable-column stk-block-column stk-column stk-block stk-1290f91\" data-v=\"4\" data-block-id=\"1290f91\"><style>@media screen and (max-width:689px){.stk-1290f91{flex:var(--stk-flex-grow,1) 1 calc(0% - var(--stk-column-gap,0px) * 1 \/ 2 ) !important}}<\/style><div class=\"stk-column-wrapper stk-block-column__content stk-container stk-1290f91-container stk--no-background stk--no-padding\"><div class=\"stk-block-content stk-inner-blocks stk-1290f91-inner-blocks\">\n<figure class=\"wp-block-image size-full\"><img loading=\"lazy\" decoding=\"async\" width=\"800\" height=\"533\" src=\"https:\/\/www.lts-spedition.de\/wp-content\/uploads\/2024\/05\/lts-spedition-obst-gemuese.jpg\" alt=\"\" class=\"wp-image-1409\" srcset=\"https:\/\/www.lts-spedition.de\/wp-content\/uploads\/2024\/05\/lts-spedition-obst-gemuese.jpg 800w, https:\/\/www.lts-spedition.de\/wp-content\/uploads\/2024\/05\/lts-spedition-obst-gemuese-300x200.jpg 300w, https:\/\/www.lts-spedition.de\/wp-content\/uploads\/2024\/05\/lts-spedition-obst-gemuese-768x512.jpg 768w\" sizes=\"auto, (max-width: 800px) 100vw, 800px\" \/><\/figure>\n<\/div><\/div><\/div>\n<\/div><\/div>\n\n\n\n<div class=\"wp-block-stackable-spacer stk-block-spacer stk--no-padding stk-block stk-3e382e5\" data-block-id=\"3e382e5\"><\/div>\n\n\n\n<div class=\"wp-block-stackable-columns stk-block-columns stk-block stk-06c82cf\" data-block-id=\"06c82cf\"><div class=\"stk-row stk-inner-blocks stk-block-content stk-content-align stk-06c82cf-column\">\n<div class=\"wp-block-stackable-column stk-block-column stk-column stk-block stk-636a57b\" data-v=\"4\" data-block-id=\"636a57b\"><div class=\"stk-column-wrapper stk-block-column__content stk-container stk-636a57b-container stk--no-background stk--no-padding\"><div class=\"stk-block-content stk-inner-blocks stk-636a57b-inner-blocks\">\n<figure class=\"wp-block-image size-full\"><img loading=\"lazy\" decoding=\"async\" width=\"800\" height=\"533\" src=\"https:\/\/www.lts-spedition.de\/wp-content\/uploads\/2024\/07\/lts-spedition-eier.jpg\" alt=\"\" class=\"wp-image-1614\" srcset=\"https:\/\/www.lts-spedition.de\/wp-content\/uploads\/2024\/07\/lts-spedition-eier.jpg 800w, https:\/\/www.lts-spedition.de\/wp-content\/uploads\/2024\/07\/lts-spedition-eier-300x200.jpg 300w, https:\/\/www.lts-spedition.de\/wp-content\/uploads\/2024\/07\/lts-spedition-eier-768x512.jpg 768w\" sizes=\"auto, (max-width: 800px) 100vw, 800px\" \/><\/figure>\n<\/div><\/div><\/div>\n\n\n\n<div class=\"wp-block-stackable-column stk-block-column stk-column stk-block stk-134168a\" data-v=\"4\" data-block-id=\"134168a\"><div class=\"stk-column-wrapper stk-block-column__content stk-container stk-134168a-container stk--no-background stk--no-padding\"><div class=\"stk-block-content stk-inner-blocks stk-134168a-inner-blocks\">\n<div class=\"wp-block-stackable-heading stk-block-heading stk-block-heading--v2 stk-block stk-a5148fc\" id=\"eier-amp-eierprodukte\" data-block-id=\"a5148fc\"><style>.stk-a5148fc .stk-block-heading__text{font-size:45px !important;color:#b4b4b4 !important}@media screen and (max-width:999px){.stk-a5148fc .stk-block-heading__text{font-size:45px !important}}@media screen and (max-width:689px){.stk-a5148fc .stk-block-heading__text{font-size:25px !important}}<\/style><h2 class=\"stk-block-heading__text has-text-color\">EIER &amp; EIERPRODUKTE<\/h2><\/div>\n\n\n\n<p>Jeden Tag ein 1 Ei und sonntags auch mal 2! Und genau da kommen wir ins Spiel\u2026 Damit das Fr\u00fchst\u00fccksei oder die &nbsp;Eiprodukte sicher an das Ziel kommen, ist unser Fahrpersonal sowie unsere Disposition im Umgang mit der sensiblen Fracht geschult.<\/p>\n\n\n\n<p>Wir sichern unseren Kunden durch die langj\u00e4hrige Erfahrung das n\u00f6tige \u201esichere Gef\u00fchl\u201c &nbsp;im Transport von rohen Eiern sowie Eiprodukten zu.<\/p>\n<\/div><\/div><\/div>\n<\/div><\/div>\n\n\n\n<div class=\"wp-block-stackable-spacer stk-block-spacer stk--no-padding stk-block stk-fc5ebdf\" data-block-id=\"fc5ebdf\"><\/div>\n\n\n\n<div class=\"wp-block-stackable-columns stk-block-columns stk-block stk-4618130\" data-block-id=\"4618130\"><div class=\"stk-row stk-inner-blocks stk-block-content stk-content-align stk-4618130-column\">\n<div class=\"wp-block-stackable-column stk-block-column stk-column stk-block stk-43393ed\" data-v=\"4\" data-block-id=\"43393ed\"><div class=\"stk-column-wrapper stk-block-column__content stk-container stk-43393ed-container stk--no-background stk--no-padding\"><div class=\"stk-block-content stk-inner-blocks stk-43393ed-inner-blocks\">\n<div class=\"wp-block-stackable-heading stk-block-heading stk-block-heading--v2 stk-block stk-cd7d9e3\" id=\"tiefkuhlware\" data-block-id=\"cd7d9e3\"><style>.stk-cd7d9e3 .stk-block-heading__text{font-size:45px !important;color:#b4b4b4 !important}@media screen and (max-width:999px){.stk-cd7d9e3 .stk-block-heading__text{font-size:45px !important}}@media screen and (max-width:689px){.stk-cd7d9e3 .stk-block-heading__text{font-size:25px !important}}<\/style><h2 class=\"stk-block-heading__text has-text-color\">TIEFK\u00dcHLWARE<\/h2><\/div>\n\n\n\n<p>Auch bei -25\u00b0 C sind wir der richtige Partner. Zuverl\u00e4ssige Technik und geschultes Personal sorgen f\u00fcr eine coole Lieferung bei eisigen Temperaturen. Mit Hilfe von Telematik und Telemetrie sind wir jederzeit in der Lage Auskunft \u00fcber den aktuellen Standort sowie die aktuelle Transporttemperatur zu geben.<\/p>\n<\/div><\/div><\/div>\n\n\n\n<div class=\"wp-block-stackable-column stk-block-column stk-column stk-block stk-8dcdd75\" data-v=\"4\" data-block-id=\"8dcdd75\"><div class=\"stk-column-wrapper stk-block-column__content stk-container stk-8dcdd75-container stk--no-background stk--no-padding\"><div class=\"stk-block-content stk-inner-blocks stk-8dcdd75-inner-blocks\">\n<figure class=\"wp-block-image size-full\"><img loading=\"lazy\" decoding=\"async\" width=\"800\" height=\"533\" src=\"https:\/\/www.lts-spedition.de\/wp-content\/uploads\/2024\/07\/lts-spedition-tiefkuehl.jpg\" alt=\"\" class=\"wp-image-1612\" srcset=\"https:\/\/www.lts-spedition.de\/wp-content\/uploads\/2024\/07\/lts-spedition-tiefkuehl.jpg 800w, https:\/\/www.lts-spedition.de\/wp-content\/uploads\/2024\/07\/lts-spedition-tiefkuehl-300x200.jpg 300w, https:\/\/www.lts-spedition.de\/wp-content\/uploads\/2024\/07\/lts-spedition-tiefkuehl-768x512.jpg 768w\" sizes=\"auto, (max-width: 800px) 100vw, 800px\" \/><\/figure>\n<\/div><\/div><\/div>\n<\/div><\/div>\n\n\n\n<div class=\"wp-block-stackable-spacer stk-block-spacer stk--no-padding stk-block stk-e241f96\" data-block-id=\"e241f96\"><\/div>\n\n\n\n<div class=\"wp-block-stackable-columns stk-block-columns stk-block stk-3ba93e2\" id=\"eier-amp-eierprodukte\" data-block-id=\"3ba93e2\"><div class=\"stk-row stk-inner-blocks stk-block-content stk-content-align stk-3ba93e2-column\">\n<div class=\"wp-block-stackable-column stk-block-column stk-column stk-block stk-abeb3b9\" data-v=\"4\" data-block-id=\"abeb3b9\"><div class=\"stk-column-wrapper stk-block-column__content stk-container stk-abeb3b9-container stk--no-background stk--no-padding\"><div class=\"stk-block-content stk-inner-blocks stk-abeb3b9-inner-blocks\">\n<figure class=\"wp-block-image size-full\"><img loading=\"lazy\" decoding=\"async\" width=\"800\" height=\"533\" src=\"https:\/\/www.lts-spedition.de\/wp-content\/uploads\/2024\/07\/lts-spedition-non-food.jpg\" alt=\"\" class=\"wp-image-1616\" srcset=\"https:\/\/www.lts-spedition.de\/wp-content\/uploads\/2024\/07\/lts-spedition-non-food.jpg 800w, https:\/\/www.lts-spedition.de\/wp-content\/uploads\/2024\/07\/lts-spedition-non-food-300x200.jpg 300w, https:\/\/www.lts-spedition.de\/wp-content\/uploads\/2024\/07\/lts-spedition-non-food-768x512.jpg 768w\" sizes=\"auto, (max-width: 800px) 100vw, 800px\" \/><\/figure>\n<\/div><\/div><\/div>\n\n\n\n<div class=\"wp-block-stackable-column stk-block-column stk-column stk-block stk-3f07ddb\" data-v=\"4\" data-block-id=\"3f07ddb\"><div class=\"stk-column-wrapper stk-block-column__content stk-container stk-3f07ddb-container stk--no-background stk--no-padding\"><div class=\"stk-block-content stk-inner-blocks stk-3f07ddb-inner-blocks\">\n<div class=\"wp-block-stackable-heading stk-block-heading stk-block-heading--v2 stk-block stk-105b5ea\" id=\"trocken-amp-non-food\" data-block-id=\"105b5ea\"><style>.stk-105b5ea .stk-block-heading__text{font-size:45px !important;color:#b4b4b4 !important}@media screen and (max-width:999px){.stk-105b5ea .stk-block-heading__text{font-size:45px !important}}@media screen and (max-width:689px){.stk-105b5ea .stk-block-heading__text{font-size:25px !important}}<\/style><h2 class=\"stk-block-heading__text has-text-color\">TROCKEN &amp; NON-FOOD<\/h2><\/div>\n\n\n\n<p>Der Transport von palettisierter ungek\u00fchlter Ware rundet das Portfolio ab. Mit unseren Koffer- und K\u00fchlaufliegern erm\u00f6glichen wir ideale Ladungssicherung und sicheren Transport, auch von diebstahlgef\u00e4hrdeten G\u00fctern.<\/p>\n<\/div><\/div><\/div>\n<\/div><\/div>\n\n\n\n<div class=\"wp-block-stackable-spacer stk-block-spacer stk--no-padding stk-block stk-f4f345f\" id=\"eier-amp-eierprodukte\" data-block-id=\"f4f345f\"><\/div>\n","protected":false},"excerpt":{"rendered":"<p>ULTRA FRISCHE Der sensible Transport von Lebensmitteln im Ultra- Frische Temperaturbereich von ca. -1\u00b0 C bis +1\u00b0 C ist unser Kerngesch\u00e4ft. Egal ob Frischfleisch, Molkereiprodukte oder Feinkost: Wir garantieren den reibungslosen und p\u00fcnktlichen Transport Ihrer Produkte. Jederzeit. \u00dcberall. FRISCHFLEISCH &amp; WURSTWAREN Der Transport von Fleisch, ob h\u00e4ngend, verpackt oder offen in E2 Kisten, ist ebenfalls [&hellip;]<\/p>\n","protected":false},"author":1,"featured_media":0,"parent":0,"menu_order":0,"comment_status":"closed","ping_status":"closed","template":"","meta":{"footnotes":""},"class_list":["post-1318","page","type-page","status-publish","hentry"],"blocksy_meta":[],"_links":{"self":[{"href":"https:\/\/www.lts-spedition.de\/index.php\/wp-json\/wp\/v2\/pages\/1318","targetHints":{"allow":["GET"]}}],"collection":[{"href":"https:\/\/www.lts-spedition.de\/index.php\/wp-json\/wp\/v2\/pages"}],"about":[{"href":"https:\/\/www.lts-spedition.de\/index.php\/wp-json\/wp\/v2\/types\/page"}],"author":[{"embeddable":true,"href":"https:\/\/www.lts-spedition.de\/index.php\/wp-json\/wp\/v2\/users\/1"}],"replies":[{"embeddable":true,"href":"https:\/\/www.lts-spedition.de\/index.php\/wp-json\/wp\/v2\/comments?post=1318"}],"version-history":[{"count":0,"href":"https:\/\/www.lts-spedition.de\/index.php\/wp-json\/wp\/v2\/pages\/1318\/revisions"}],"wp:attachment":[{"href":"https:\/\/www.lts-spedition.de\/index.php\/wp-json\/wp\/v2\/media?parent=1318"}],"curies":[{"name":"wp","href":"https:\/\/api.w.org\/{rel}","templated":true}]}}