{"id":1489,"date":"2024-05-09T16:46:59","date_gmt":"2024-05-09T14:46:59","guid":{"rendered":"https:\/\/www.lts-spedition.de\/?page_id=1489"},"modified":"2024-08-25T13:18:35","modified_gmt":"2024-08-25T11:18:35","slug":"karriere","status":"publish","type":"page","link":"https:\/\/www.lts-spedition.de\/index.php\/karriere\/","title":{"rendered":"Karriere"},"content":{"rendered":"\n<div class=\"wp-block-stackable-columns alignfull stk-block-columns stk-block stk-36fcc65 stk-block-background\" data-block-id=\"36fcc65\"><style>.stk-36fcc65{background-color:#0052a0 !important;background-position:center right !important;background-repeat:no-repeat !important;background-size:25% !important;padding-top:0px !important;padding-right:0px !important;padding-bottom:0px !important;padding-left:0px !important;margin-bottom:0px !important}.stk-36fcc65:before{background-color:#0052a0 !important}<\/style><div class=\"stk-row stk-inner-blocks stk-block-content stk-content-align stk-36fcc65-column alignfull\">\n<div class=\"wp-block-stackable-column stk-block-column stk-column stk-block stk-4cc4455 stk-block-background stk--has-background-overlay\" data-v=\"4\" data-block-id=\"4cc4455\"><style>.stk-4cc4455-container{margin-top:0px !important;margin-right:0px !important;margin-bottom:0px !important;margin-left:0px !important;min-height:420px !important}.stk-4cc4455{background-image:url(https:\/\/www.lts-spedition.de\/wp-content\/uploads\/2024\/05\/home-bg1.jpg) !important;padding-top:0px !important;padding-right:0px !important;padding-bottom:0px !important;padding-left:0px !important}<\/style><div class=\"stk-column-wrapper stk-block-column__content stk-container stk-4cc4455-container stk--no-background stk--no-padding\"><div class=\"stk-block-content stk-inner-blocks stk-4cc4455-inner-blocks\"><\/div><\/div><\/div>\n<\/div><\/div>\n\n\n\n<div class=\"wp-block-stackable-spacer stk-block-spacer stk--no-padding stk-block stk-0434bc7\" data-block-id=\"0434bc7\"><style>.stk-0434bc7{height:100px !important}<\/style><\/div>\n\n\n\n<div class=\"wp-block-stackable-heading stk-block-heading stk-block-heading--v2 stk-block stk-29e57b8\" id=\"strong-wir-span-style-color-0052-a-0-class-stk-highlight-suchen-span-dich-strong\" data-block-id=\"29e57b8\"><style>.stk-29e57b8{margin-bottom:0px !important}.stk-29e57b8 .stk-block-heading__text{font-size:55px !important;color:#0052a0 !important}@media screen and (max-width:999px){.stk-29e57b8 .stk-block-heading__text{font-size:50px !important}}<\/style><h1 class=\"stk-block-heading__text has-text-color has-text-align-center\"><strong>WIR <span style=\"color: #0052a0;\" class=\"stk-highlight\">SUCHEN<\/span> DICH!<\/strong><\/h1><\/div>\n\n\n\n<h2 class=\"wp-block-heading has-text-align-center has-55-font-size\"><strong><span style=\"color: #0052a0;\" class=\"stk-highlight\">STELLENANGEBOTE<\/span><\/strong><\/h2>\n\n\n\n<div class=\"wp-block-stackable-spacer stk-block-spacer stk--no-padding stk-block stk-68818f9\" data-block-id=\"68818f9\"><\/div>\n\n\n\n<div class=\"wp-block-stackable-columns stk-block-columns stk-block stk-fc9f74b\" data-block-id=\"fc9f74b\"><style>.stk-fc9f74b{margin-bottom:50px !important}.stk-fc9f74b-column{max-width:45vw !important;--stk-columns-spacing:41px !important;--stk-column-gap:59px !important}<\/style><div class=\"stk-row stk-inner-blocks stk-block-content stk-content-align stk-fc9f74b-column\">\n<div class=\"wp-block-stackable-column stk-block-column stk-column stk-block stk-2806628\" data-v=\"4\" data-block-id=\"2806628\"><style>.stk-2806628{border-style:solid !important;border-top-width:1px !important;border-right-width:1px !important;border-bottom-width:1px !important;border-left-width:1px !important}<\/style><div class=\"stk-column-wrapper stk-block-column__content stk-container stk-2806628-container stk--no-background stk--no-padding\"><div class=\"stk-block-content stk-inner-blocks stk-2806628-inner-blocks\">\n<div class=\"wp-block-stackable-text stk-block-text stk-block stk-9a9c13b\" data-block-id=\"9a9c13b\"><style>.stk-9a9c13b .stk-block-text__text{font-size:22px !important}@media screen and (max-width:999px){.stk-9a9c13b .stk-block-text__text{font-size:22px !important}}<\/style><p class=\"stk-block-text__text has-text-align-left\"><strong>BERUFSKRAFTFAHRER F\u00dcR NATIONALEN FERNVERKEHR (M\/W\/D)<\/strong><\/p><\/div>\n\n\n\n<p>Wir suchen zu sofort Berufskraftfahrer (m\/w\/d) f\u00fcr den nationalen Fernverkehr.<br><br>Unsere Eisb\u00e4ren bef\u00f6rdern mit K\u00fchlsattelz\u00fcgen t\u00e4glich die Waren unserer Kunden deutschland- und europaweit. Terminfrachten, Zuverl\u00e4ssigkeit und kurze Reaktionszeiten geh\u00f6ren zu den Kernkompetenzen unserer <strong>&#8222;Eisb\u00e4ren on the Road&#8220;.<\/strong> Sie sind mit Ihren tollen Trucks das Aush\u00e4ngeschild unserer Firma und vertreten unsere Kunden in aller Welt.<br><br><strong>Ein Job mit viel Verantwortung, der Respekt verdient &#8211; in unserem Team bekommst du, wonach du suchst!!<\/strong><br><br><\/p>\n\n\n\n<p>I<strong>hr Profil:<\/strong><br>G\u00fcltiger F\u00fchrerschein CE + Modul 95 + Fahrerkarte<br>Berufserfahrung als Kraftfahrer<br>Fahren im 14 Tage Rhythmus<br>Sicherer und verantwortungsvoller Umgang mit dem Equipment und der zu bef\u00f6rdernden Ware w\u00fcnschenswert Kenntnisse mit der Bedingung von K\u00fchlaggregaten<br>Sprache Deutsch in Wort und Schrift<\/p>\n\n\n\n<div class=\"wp-block-stackable-button-group stk-block-button-group stk-block stk-f7b1e16\" data-block-id=\"f7b1e16\"><div class=\"stk-row stk-inner-blocks has-text-align-center stk-block-content stk-button-group\">\n<div class=\"wp-block-stackable-button stk-block-button has-text-align-left stk-block stk-37301b8\" data-block-id=\"37301b8\"><style>.stk-37301b8 .stk-button{background:#0052a0 !important}.stk-37301b8 .stk-button__inner-text{color:var(--theme-palette-color-6,#f9fafb) !important}<\/style><a class=\"stk-link stk-button stk--hover-effect-lift\" href=\"mailto:j.vonhandorff@lts-spedition.de\"><span class=\"has-text-color stk-button__inner-text\">JETZT BEWERBEN<\/span><\/a><\/div>\n<\/div><\/div>\n<\/div><\/div><\/div>\n\n\n\n<div class=\"wp-block-stackable-column stk-block-column stk-column stk-block stk-856dddc\" data-v=\"4\" data-block-id=\"856dddc\"><div class=\"stk-column-wrapper stk-block-column__content stk-container stk-856dddc-container stk--no-background stk--no-padding\"><div class=\"stk-block-content stk-inner-blocks stk-856dddc-inner-blocks\"><\/div><\/div><\/div>\n<\/div><\/div>\n\n\n\n<div class=\"wp-block-stackable-spacer stk-block-spacer stk--no-padding stk-block stk-a61574a\" data-block-id=\"a61574a\"><style>.stk-a61574a{height:50px !important}<\/style><\/div>\n\n\n\n<div class=\"wp-block-stackable-columns stk-block-columns stk-block stk-534a69c\" data-block-id=\"534a69c\"><style>.stk-534a69c{margin-bottom:50px !important}.stk-534a69c-column{max-width:45vw !important;--stk-columns-spacing:41px !important;--stk-column-gap:59px !important}<\/style><div class=\"stk-row stk-inner-blocks stk-block-content stk-content-align stk-534a69c-column\">\n<div class=\"wp-block-stackable-column stk-block-column stk-column stk-block stk-0240f04\" data-v=\"4\" data-block-id=\"0240f04\"><style>.stk-0240f04{border-style:solid !important;border-top-width:1px !important;border-right-width:1px !important;border-bottom-width:1px !important;border-left-width:1px !important}<\/style><div class=\"stk-column-wrapper stk-block-column__content stk-container stk-0240f04-container stk--no-background stk--no-padding\"><div class=\"stk-block-content stk-inner-blocks stk-0240f04-inner-blocks stk--align-last-block-to-bottom\">\n<div class=\"wp-block-stackable-text stk-block-text stk-block stk-254a5d2\" data-block-id=\"254a5d2\"><style>.stk-254a5d2 .stk-block-text__text{font-size:22px !important}@media screen and (max-width:999px){.stk-254a5d2 .stk-block-text__text{font-size:22px !important}}<\/style><p class=\"stk-block-text__text has-text-align-left\"><strong><span style=\"color: #0052a0;\" class=\"stk-highlight\">Nichts f\u00fcr Sie dabei?<\/span><\/strong><\/p><\/div>\n\n\n\n<p>Sie haben keine passende Stelle in unseren aktuellen Ausschreibungen gefunden? Kein Problem! Wir sind stets auf der Suche nach talentierten und motivierten Menschen, die unser Team bereichern k\u00f6nnen.<\/p>\n\n\n\n<p>Schicken Sie uns einfach Ihre Initiativbewerbung und \u00fcberzeugen Sie uns, warum Sie die perfekte Erg\u00e4nzung f\u00fcr unser Unternehmen sind. Erz\u00e4hlen Sie uns von Ihren St\u00e4rken, Erfahrungen und Ihren beruflichen Zielen. Wir freuen uns darauf, mehr \u00fcber Sie zu erfahren!<\/p>\n\n\n\n<p>Bitte senden Sie Ihre vollst\u00e4ndigen Bewerbungsunterlagen an<span style=\"color: #0052a0;\" class=\"stk-highlight\"> j.vonhandorff@lts-spedition.de<\/span> oder nutzen Sie unser Online-Bewerbungsformular. Bei Fragen stehen wir Ihnen gerne zur Verf\u00fcgung.<\/p>\n\n\n\n<p>Wir freuen uns auf Ihre Bewerbung!<\/p>\n\n\n\n<div class=\"wp-block-stackable-button-group stk-block-button-group stk-block stk-2debe38\" data-block-id=\"2debe38\"><div class=\"stk-row stk-inner-blocks has-text-align-center stk-block-content stk-button-group\">\n<div class=\"wp-block-stackable-button stk-block-button has-text-align-left stk-block stk-8de8f25\" data-block-id=\"8de8f25\"><style>.stk-8de8f25 .stk-button{background:#0052a0 !important}.stk-8de8f25 .stk-button__inner-text{color:var(--theme-palette-color-6,#f9fafb) !important}<\/style><a class=\"stk-link stk-button stk--hover-effect-lift\" href=\"mailto:j.vonhandorff@lts-spedition.de\"><span class=\"has-text-color stk-button__inner-text\">JETZT BEWERBEN<\/span><\/a><\/div>\n<\/div><\/div>\n<\/div><\/div><\/div>\n<\/div><\/div>\n\n\n\n<div class=\"wp-block-stackable-divider stk-block-divider stk-block stk-1a555cc\" data-block-id=\"1a555cc\"><style>.stk-1a555cc{margin-bottom:50px !important}<\/style><hr class=\"stk-block-divider__hr\"\/><\/div>\n\n\n\n<div class=\"wp-block-stackable-spacer stk-block-spacer stk--no-padding stk-block stk-feaab97\" data-block-id=\"feaab97\"><style>.stk-feaab97{height:100px !important}<\/style><\/div>\n","protected":false},"excerpt":{"rendered":"<p>WIR SUCHEN DICH! STELLENANGEBOTE BERUFSKRAFTFAHRER F\u00dcR NATIONALEN FERNVERKEHR (M\/W\/D) Wir suchen zu sofort Berufskraftfahrer (m\/w\/d) f\u00fcr den nationalen Fernverkehr. Unsere Eisb\u00e4ren bef\u00f6rdern mit K\u00fchlsattelz\u00fcgen t\u00e4glich die Waren unserer Kunden deutschland- und europaweit. Terminfrachten, Zuverl\u00e4ssigkeit und kurze Reaktionszeiten geh\u00f6ren zu den Kernkompetenzen unserer &#8222;Eisb\u00e4ren on the Road&#8220;. Sie sind mit Ihren tollen Trucks das Aush\u00e4ngeschild unserer [&hellip;]<\/p>\n","protected":false},"author":1,"featured_media":0,"parent":0,"menu_order":0,"comment_status":"closed","ping_status":"closed","template":"","meta":{"footnotes":""},"class_list":["post-1489","page","type-page","status-publish","hentry"],"blocksy_meta":[],"_links":{"self":[{"href":"https:\/\/www.lts-spedition.de\/index.php\/wp-json\/wp\/v2\/pages\/1489","targetHints":{"allow":["GET"]}}],"collection":[{"href":"https:\/\/www.lts-spedition.de\/index.php\/wp-json\/wp\/v2\/pages"}],"about":[{"href":"https:\/\/www.lts-spedition.de\/index.php\/wp-json\/wp\/v2\/types\/page"}],"author":[{"embeddable":true,"href":"https:\/\/www.lts-spedition.de\/index.php\/wp-json\/wp\/v2\/users\/1"}],"replies":[{"embeddable":true,"href":"https:\/\/www.lts-spedition.de\/index.php\/wp-json\/wp\/v2\/comments?post=1489"}],"version-history":[{"count":0,"href":"https:\/\/www.lts-spedition.de\/index.php\/wp-json\/wp\/v2\/pages\/1489\/revisions"}],"wp:attachment":[{"href":"https:\/\/www.lts-spedition.de\/index.php\/wp-json\/wp\/v2\/media?parent=1489"}],"curies":[{"name":"wp","href":"https:\/\/api.w.org\/{rel}","templated":true}]}}