{"id":1698,"date":"2024-07-10T11:52:40","date_gmt":"2024-07-10T09:52:40","guid":{"rendered":"https:\/\/www.lts-spedition.de\/?page_id=1698"},"modified":"2024-08-21T12:15:23","modified_gmt":"2024-08-21T10:15:23","slug":"compliance","status":"publish","type":"page","link":"https:\/\/www.lts-spedition.de\/index.php\/compliance\/","title":{"rendered":"Compliance"},"content":{"rendered":"\n<div class=\"wp-block-stackable-columns alignfull stk-block-columns stk-block stk-36fcc65 stk-block-background\" data-block-id=\"36fcc65\"><style>.stk-36fcc65{background-color:#0052a0 !important;background-position:center right !important;background-repeat:no-repeat !important;background-size:25% !important;padding-top:0px !important;padding-right:0px !important;padding-bottom:0px !important;padding-left:0px !important;margin-bottom:0px !important}.stk-36fcc65:before{background-color:#0052a0 !important}<\/style><div class=\"stk-row stk-inner-blocks stk-block-content stk-content-align stk-36fcc65-column alignfull\">\n<div class=\"wp-block-stackable-column stk-block-column stk-column stk-block stk-4cc4455 stk-block-background stk--has-background-overlay\" data-v=\"4\" data-block-id=\"4cc4455\"><style>.stk-4cc4455-container{margin-top:0px !important;margin-right:0px !important;margin-bottom:0px !important;margin-left:0px !important;min-height:420px !important}.stk-4cc4455{background-image:url(https:\/\/www.lts-spedition.de\/wp-content\/uploads\/2024\/05\/home-bg1.jpg) !important;padding-top:0px !important;padding-right:0px !important;padding-bottom:0px !important;padding-left:0px !important}<\/style><div class=\"stk-column-wrapper stk-block-column__content stk-container stk-4cc4455-container stk--no-background stk--no-padding\"><div class=\"stk-block-content stk-inner-blocks stk-4cc4455-inner-blocks\"><\/div><\/div><\/div>\n<\/div><\/div>\n\n\n\n<div class=\"wp-block-stackable-spacer stk-block-spacer stk--no-padding stk-block stk-9639251\" data-block-id=\"9639251\"><\/div>\n\n\n\n<div class=\"wp-block-stackable-columns stk-block-columns stk-block stk-3b54d20\" data-block-id=\"3b54d20\"><style>.stk-3b54d20-column{max-width:850px !important}<\/style><div class=\"stk-row stk-inner-blocks stk-block-content stk-content-align stk-3b54d20-column\">\n<div class=\"wp-block-stackable-column stk-block-column stk-column stk-block stk-5d71903\" data-v=\"4\" data-block-id=\"5d71903\"><div class=\"stk-column-wrapper stk-block-column__content stk-container stk-5d71903-container stk--no-background stk--no-padding\"><div class=\"stk-block-content stk-inner-blocks stk-5d71903-inner-blocks\">\n<h1 class=\"wp-block-heading\"><strong><span style=\"color: #0052a0;\" class=\"stk-highlight\">Compliance<\/span><\/strong><\/h1>\n\n\n\n<h2 class=\"wp-block-heading\"><strong><span style=\"color: #0052a0;\" class=\"stk-highlight\">Verfahrensordnung<\/span><\/strong><\/h2>\n\n\n\n<p>Die Einhaltung von Gesetzen und Richtlinien, sowie von freiwilligen Regeln und Kodexen nimmt bei die LTS Spedition einen hohen Stellenwert ein. Um diesem Anspruch gerecht zu werden, erwarten wir von m\u00f6glichen Verst\u00f6\u00dfen unserer eigenen Mitarbeiter oder der &nbsp;unserer Gesch\u00e4ftspartner Hinweise zu bekommen, um diese abzustellen und zuk\u00fcnftig zu vermeiden. Bei uns werden alle Beschwerden und Hinweise mit gr\u00f6\u00dfter Sorgfalt, Diskretion und unter Verschwiegenheit bearbeitet.<\/p>\n\n\n\n<p><strong>Sie haben einen Vorfall beobachtet oder erlebt, den Sie uns mitteilen m\u00f6chten?<\/strong><\/p>\n\n\n\n<p>Dann m\u00f6chten wir Sie ermutigen, uns diesen zu melden. Ihre Meldung wird absolut vertraulich behandelt. Wie genau Sie bei LTS Spedition einen Hinweis melden k\u00f6nnen, erfahren Sie im Folgenden.<\/p>\n\n\n\n<h3 class=\"wp-block-heading\" id=\"test1\"><strong><span style=\"color: #0052a0;\" class=\"stk-highlight\">1. Art von Beschwerden \/ Hinweisen, die eingereicht werden k\u00f6nnen<\/span><\/strong><\/h3>\n\n\n\n<p>Gem\u00e4\u00df dem Gesetz \u00fcber die unternehmerischen Sorgfaltspflichten zur Vermeidung von Menschenrechtsverletzungen in Lieferketten, <strong>dem Lieferkettensorgfaltspflichtengesetz (LkSG)<\/strong> k\u00f6nnen zum Beispiel folgende beobachtete Risiken\/Verletzungen gemeldet werden:<\/p>\n\n\n\n<ul class=\"wp-block-list\">\n<li>Kinderarbeit, Zwangsarbeit &amp; Sklaverei<\/li>\n\n\n\n<li>Vorenthalten des Lohns<\/li>\n\n\n\n<li>Missachtung geltender Arbeitsschutzpflichten sowie ungen\u00fcgende Sicherheitsstandards<\/li>\n\n\n\n<li>Ungleichbehandlungen<\/li>\n\n\n\n<li>Umweltverschmutzung mit negativen Folgen f\u00fcr die menschliche Gesundheit<\/li>\n\n\n\n<li>Nicht umweltgerechte Handhabung der Lagerung und Entsorgung von Materialien<\/li>\n<\/ul>\n\n\n\n<p>Nach dem <strong>Hinweisgeberschutzgesetz (HinSchG)<\/strong> k\u00f6nnen Meldungen \u00fcber beobachtete \/ erlebte Verst\u00f6\u00dfe zu beispielsweise folgenden Themen eingereicht werden:<\/p>\n\n\n\n<ul class=\"wp-block-list\">\n<li>Straftatbest\u00e4nde<\/li>\n\n\n\n<li>Ordnungswidrigkeiten<\/li>\n\n\n\n<li>Missachtung von Vorschriften zur Geldw\u00e4sche-Bek\u00e4mpfung<\/li>\n\n\n\n<li>Verst\u00f6\u00dfe gegen Produktsicherheit<\/li>\n\n\n\n<li>Verst\u00f6\u00dfe gegen Umwelt- oder Datenschutz<\/li>\n\n\n\n<li>Verst\u00f6\u00dfe gegen Qualit\u00e4ts- und Sicherheitsstandards<\/li>\n\n\n\n<li>Unsicherer Stra\u00dfen- und Bef\u00f6rderungsverkehr<\/li>\n<\/ul>\n\n\n\n<h3 class=\"wp-block-heading\"><strong><span style=\"color: #0052a0;\" class=\"stk-highlight\">2.&nbsp;Meldestellen f\u00fcr Beschwerden und Hinweise<\/span><\/strong><\/h3>\n\n\n\n<p>Ihre Beschwerden und Hinweise sowohl im Rahmen des HinSchG als auch nach LkSG k\u00f6nnen Sie <strong>\u00fcber das untenstehende Formular<\/strong> abgeben.<\/p>\n\n\n\n<p>Des Weiteren k\u00f6nnen Sie ihre Beschwerden und Hinweise <strong>per Mail<\/strong> an: <a href=\"mailto:Hinweisgeber@lts-spedition.de\">Hinweisgeber@lts-spedition.de<\/a> melden.<\/p>\n\n\n\n<p>Beschwerden und Hinweise \u00fcber <strong>den Postweg<\/strong> versenden Sie bitte an:<\/p>\n\n\n\n<p>LTS Speditions GmbH<br>Am Fuchsbau 4<br>49401 Damme<br>z.H. Compliance bzw. Hinweisgeber<\/p>\n\n\n\n<p>Unser Meldestellenbeauftragter behandelt jedes Ihrer Anliegen unparteiisch und unabh\u00e4ngig. Alle Beschwerden und Hinweise werden mit <strong>gr\u00f6\u00dfter Sorgfalt, Diskretion und unter Verschwiegenheit<\/strong> bearbeitet.<\/p>\n\n\n\n<p>Verst\u00f6\u00dfe nach dem HinSchG k\u00f6nnen, gem\u00e4\u00df \u00a7\u00a7 19ff. HinSchG, zus\u00e4tzlich \u00fcber das externe, <a href=\"https:\/\/www.bundesjustizamt.de\/DE\/MeldestelledesBundes\/MeldestelledesBundes_node.html\" target=\"_blank\" rel=\"noreferrer noopener\">\u00f6ffentliche Portal der BAFA<\/a> gemeldet werden.<\/p>\n\n\n\n<h3 class=\"wp-block-heading\"><strong><span style=\"color: #0052a0;\" class=\"stk-highlight\">3. Inhalte Ihrer Meldung<\/span><\/strong><\/h3>\n\n\n\n<p>Geht ein Hinweis bei uns ein, wird dieser unter allen oben genannten Verfahrensgrunds\u00e4tzen (Sorgfalt, Diskretion, Verschwiegenheit) bearbeitet. Um diese F\u00e4lle vollumf\u00e4nglich bearbeiten zu k\u00f6nnen und entsprechende Ma\u00dfnahmen einzuleiten, ist es besonders wichtig, dass Ihr Hinweis so <strong>konkret wie m\u00f6glich<\/strong> beschrieben wird, sodass es auch fachfremden Personen m\u00f6glich ist, Ihre Beschreibung nachzuvollziehen. Hilfreich kann dabei die Beantwortung der f\u00fcnf W-Fragen sein:<\/p>\n\n\n\n<ul class=\"wp-block-list\">\n<li><strong>Wer?<\/strong> \u2013 Um wen geht es? Wer ist betroffen?<\/li>\n\n\n\n<li><strong>Was?<\/strong> \u2013 Was ist passiert? Schilderung des Sachverhalts<\/li>\n\n\n\n<li><strong>Wann?<\/strong> \u2013 Wann ist der Vorfall passiert?<\/li>\n\n\n\n<li><strong>Wie?<\/strong> \u2013 Wie oft ist er passiert? In welchem Ma\u00dfe?<\/li>\n\n\n\n<li><strong>Wo?<\/strong> \u2013 Wo wurde der Vorfall beobachtet? Wo hat sich dieser ereignet?<\/li>\n<\/ul>\n\n\n\n<p>Besonders hilfreich ist, wenn Sie uns als hinweisgebende Person f\u00fcr weitere R\u00fcckfragen zur Verf\u00fcgung stehen. <strong>Der Schutz Ihrer Person ist zu jedem Zeitpunkt gew\u00e4hrleistet<\/strong>.<\/p>\n\n\n\n<h3 class=\"wp-block-heading\"><strong><span style=\"color: #0052a0;\" class=\"stk-highlight\">4. Umgang mit hinweisgebenden Personen<\/span><\/strong><\/h3>\n\n\n\n<p>Ein wichtiger Bestandteil des gesamten Beschwerdeverfahrens, sowohl nach HinSchG, als auch nach LkSG, ist Ihr Schutz vor Benachteiligung oder Bestrafung. Jegliche Einsch\u00fcchterungsversuche oder Repressalien gegen\u00fcber hinweisgebenden Personen, die im guten Glauben ein tats\u00e4chliches oder vermutetes Fehlverhalten gemeldet haben, werden durch uns nicht toleriert.<\/p>\n\n\n\n<h3 class=\"wp-block-heading\"><strong><span style=\"color: #0052a0;\" class=\"stk-highlight\">5.&nbsp;Bearbeitung Ihrer Meldung (Prozess)<\/span><\/strong><\/h3>\n\n\n\n<ul class=\"wp-block-list\">\n<li>Eingangsbest\u00e4tigung an die hinweisgebende Person (innerhalb von 7 Tagen, wenn Kontaktdaten vorhanden)<\/li>\n\n\n\n<li>Pr\u00fcfung der Beschwerde, ggf. Kontaktaufnahme mit der hinweisgebenden Person zur weiteren Darstellung des Sachverhalts<\/li>\n\n\n\n<li>Kl\u00e4rung des Sachverhalts<\/li>\n\n\n\n<li>Erarbeitung einer L\u00f6sung, ggf. im Austausch mit der hinweisgebenden Person<\/li>\n\n\n\n<li>Umsetzung und Kontrolle von Abhilfema\u00dfnahmen<\/li>\n\n\n\n<li>\u00dcberpr\u00fcfung des erzielten Ergebnisses; R\u00fcckmeldung an die hinweisgebende Person (nach sp\u00e4testens 3 Monaten)<\/li>\n\n\n\n<li>Wirksamkeits\u00fcberpr\u00fcfung, ggf. Anpassung des Verfahrens oder der Ma\u00dfnahme<\/li>\n<\/ul>\n<\/div><\/div><\/div>\n<\/div><\/div>\n\n\n\n<div class=\"wp-block-stackable-spacer stk-block-spacer stk--no-padding stk-block stk-d85e82b\" data-block-id=\"d85e82b\"><\/div>\n","protected":false},"excerpt":{"rendered":"<p>Compliance Verfahrensordnung Die Einhaltung von Gesetzen und Richtlinien, sowie von freiwilligen Regeln und Kodexen nimmt bei die LTS Spedition einen hohen Stellenwert ein. Um diesem Anspruch gerecht zu werden, erwarten wir von m\u00f6glichen Verst\u00f6\u00dfen unserer eigenen Mitarbeiter oder der &nbsp;unserer Gesch\u00e4ftspartner Hinweise zu bekommen, um diese abzustellen und zuk\u00fcnftig zu vermeiden. Bei uns werden alle [&hellip;]<\/p>\n","protected":false},"author":1,"featured_media":0,"parent":0,"menu_order":0,"comment_status":"closed","ping_status":"closed","template":"","meta":{"footnotes":""},"class_list":["post-1698","page","type-page","status-publish","hentry"],"blocksy_meta":[],"_links":{"self":[{"href":"https:\/\/www.lts-spedition.de\/index.php\/wp-json\/wp\/v2\/pages\/1698","targetHints":{"allow":["GET"]}}],"collection":[{"href":"https:\/\/www.lts-spedition.de\/index.php\/wp-json\/wp\/v2\/pages"}],"about":[{"href":"https:\/\/www.lts-spedition.de\/index.php\/wp-json\/wp\/v2\/types\/page"}],"author":[{"embeddable":true,"href":"https:\/\/www.lts-spedition.de\/index.php\/wp-json\/wp\/v2\/users\/1"}],"replies":[{"embeddable":true,"href":"https:\/\/www.lts-spedition.de\/index.php\/wp-json\/wp\/v2\/comments?post=1698"}],"version-history":[{"count":0,"href":"https:\/\/www.lts-spedition.de\/index.php\/wp-json\/wp\/v2\/pages\/1698\/revisions"}],"wp:attachment":[{"href":"https:\/\/www.lts-spedition.de\/index.php\/wp-json\/wp\/v2\/media?parent=1698"}],"curies":[{"name":"wp","href":"https:\/\/api.w.org\/{rel}","templated":true}]}}