{"id":658,"date":"2022-02-20T05:44:47","date_gmt":"2022-02-20T05:44:47","guid":{"rendered":"https:\/\/startersites.io\/stagingthree\/?page_id=658"},"modified":"2024-05-09T17:02:39","modified_gmt":"2024-05-09T15:02:39","slug":"contact","status":"publish","type":"page","link":"https:\/\/www.lts-spedition.de\/index.php\/contact\/","title":{"rendered":"Kontakt"},"content":{"rendered":"\n<div class=\"wp-block-stackable-columns alignfull stk-block-columns stk-block stk-36fcc65 stk-block-background\" data-block-id=\"36fcc65\"><style>.stk-36fcc65{background-color:#0052a0 !important;background-position:center right !important;background-repeat:no-repeat !important;background-size:25% !important;padding-top:0px !important;padding-right:0px !important;padding-bottom:0px !important;padding-left:0px !important;margin-bottom:0px !important}.stk-36fcc65:before{background-color:#0052a0 !important}<\/style><div class=\"stk-row stk-inner-blocks stk-block-content stk-content-align stk-36fcc65-column alignfull\">\n<div class=\"wp-block-stackable-column stk-block-column stk-column stk-block stk-4cc4455 stk-block-background stk--has-background-overlay\" data-v=\"4\" data-block-id=\"4cc4455\"><style>.stk-4cc4455-container{margin-top:0px !important;margin-right:0px !important;margin-bottom:0px !important;margin-left:0px !important;min-height:785px !important}.stk-4cc4455{background-image:url(https:\/\/www.lts-spedition.de\/wp-content\/uploads\/2024\/05\/lts-home-slide-3.jpg) !important;padding-top:0px !important;padding-right:0px !important;padding-bottom:0px !important;padding-left:0px !important}@media screen and (min-width:690px){.stk-4cc4455{flex:var(--stk-flex-grow,1) 1 calc(50% - var(--stk-column-gap,0px) * 1 \/ 2 ) !important}}<\/style><div class=\"stk-column-wrapper stk-block-column__content stk-container stk-4cc4455-container stk--no-background stk--no-padding\"><div class=\"stk-block-content stk-inner-blocks stk-4cc4455-inner-blocks\">\n<div class=\"wp-block-stackable-spacer stk-block-spacer stk--no-padding stk-block stk-168e3d2\" data-block-id=\"168e3d2\"><style>@media screen and (max-width:689px){.stk-168e3d2{height:370px !important}}<\/style><\/div>\n<\/div><\/div><\/div>\n\n\n\n<div class=\"wp-block-stackable-column stk-block-column stk-column stk-block stk-2af2170\" data-v=\"4\" data-block-id=\"2af2170\"><style>.stk-2af2170-container{margin-top:0px !important;margin-right:0px !important;margin-bottom:0px !important;margin-left:0px !important;max-width:746px !important;padding-top:100px !important;padding-right:50px !important;padding-bottom:100px !important;padding-left:50px !important}.stk-2af2170{align-self:center !important}@media screen and (min-width:690px){.stk-2af2170{flex:var(--stk-flex-grow,1) 1 calc(50% - var(--stk-column-gap,0px) * 1 \/ 2 ) !important}}@media screen and (max-width:999px){.stk-2af2170-container{padding-top:80px !important;padding-bottom:80px !important}}@media screen and (max-width:689px){.stk-2af2170-container{padding-right:30px !important;padding-left:30px !important}}<\/style><div class=\"stk-column-wrapper stk-block-column__content stk-container stk-2af2170-container stk--no-background stk--no-padding\"><div class=\"has-text-align-left has-text-align-center-mobile stk-block-content stk-inner-blocks stk-2af2170-inner-blocks\">\n<div class=\"wp-block-stackable-heading stk-block-heading stk-block-heading--v2 stk-block stk-b8d35cf\" id=\"kontakt\" data-block-id=\"b8d35cf\"><style>.stk-b8d35cf{margin-bottom:40px !important}.stk-b8d35cf .stk-block-heading__text{font-size:50px !important;color:var(--theme-palette-color-6,#f9fafb) !important;line-height:1.2em !important}@media screen and (max-width:999px){.stk-b8d35cf .stk-block-heading__text{font-size:40px !important}}<\/style><h2 class=\"stk-block-heading__text has-text-color\">Kontakt<\/h2><\/div>\n\n\n\n<div class=\"wp-block-stackable-heading stk-block-heading stk-block-heading--v2 stk-block stk-72e8aba\" id=\"wir-haben-immer-ein-ohr-fur-sie\" data-block-id=\"72e8aba\"><style>.stk-72e8aba{margin-bottom:16px !important}.stk-72e8aba .stk-block-heading__text{color:var(--theme-palette-color-6,#f9fafb) !important}<\/style><h4 class=\"stk-block-heading__text has-text-color\">Wir haben immer ein Ohr f\u00fcr Sie.<\/h4><\/div>\n\n\n\n<p class=\"has-palette-color-5-color has-text-color has-link-color wp-elements-9935325b38ab50daec1de6d1ec6623b6\">Kontaktieren Sie uns bei LTS Spedition, um mehr \u00fcber Karrierem\u00f6glichkeiten in unserem engagierten und professionellen Team zu erfahren. Als krisensicheres Familienunternehmen legen wir gro\u00dfen Wert auf die Entwicklung unserer Mitarbeiter. Entdecken Sie vielf\u00e4ltige Karrierechancen, von Logistikexperten bis zu administrativen Rollen, und tragen Sie zu unserem anhaltenden Erfolg bei. Werden Sie Teil einer Organisation, die Qualit\u00e4t und Kundenzufriedenheit an erste Stelle setzt.<\/p>\n<\/div><\/div><\/div>\n<\/div><\/div>\n\n\n\n<div class=\"wp-block-stackable-spacer stk-block-spacer stk--no-padding stk-block stk-6090630\" data-block-id=\"6090630\"><style>.stk-6090630{height:75px !important}@media screen and (max-width:999px){.stk-6090630{height:80px !important}}<\/style><\/div>\n\n\n\n<div class=\"wp-block-stackable-columns stk-block-columns stk-block stk-226216b stk-block-background\" data-block-id=\"226216b\"><style>.stk-226216b{background-color:#ebebd3 !important;border-top-left-radius:12px !important;border-top-right-radius:12px !important;border-bottom-right-radius:12px !important;border-bottom-left-radius:12px !important;overflow:hidden !important;padding-top:60px !important;padding-right:40px !important;padding-bottom:60px !important;padding-left:40px !important;margin-top:0px !important;margin-bottom:0px !important}.stk-226216b:before{background-color:#ebebd3 !important}.stk-226216b-column{--stk-column-gap:35px !important}<\/style><div class=\"stk-row stk-inner-blocks stk-block-content stk-content-align stk-226216b-column\">\n<div class=\"wp-block-stackable-column stk-block-column stk-column stk-block stk-85658cd\" data-v=\"4\" data-block-id=\"85658cd\"><style>.stk-85658cd-container{margin-top:0px !important;margin-right:0px !important;margin-bottom:0px !important;margin-left:0px !important}.stk-85658cd{margin-bottom:-100px !important}<\/style><div class=\"stk-column-wrapper stk-block-column__content stk-container stk-85658cd-container stk--no-background stk--no-padding\"><div class=\"stk-block-content stk-inner-blocks stk-85658cd-inner-blocks\">\n<div class=\"wp-block-stackable-columns stk-block-columns stk-block stk-20f6c02 ct-feature-grid\" data-block-id=\"20f6c02\"><style>.stk-20f6c02{border-style:solid !important;border-color:var(--theme-palette-color-5,#edeff2) !important;border-top-width:0px !important;border-right-width:0px !important;border-bottom-width:0px !important;border-left-width:0px !important;padding-bottom:50px !important;margin-bottom:50px !important}.stk-20f6c02-column{--stk-column-gap:50px !important;row-gap:50px !important}@media screen and (max-width:689px){.stk-20f6c02{border-top-width:0px !important;border-right-width:0px !important;border-bottom-width:0px !important;border-left-width:0px !important;padding-bottom:0px !important}}<\/style><div class=\"stk-row stk-inner-blocks stk-block-content stk-content-align stk-20f6c02-column\">\n<div class=\"wp-block-stackable-column stk-block-column stk-column stk-block stk-65f7b38\" data-v=\"4\" data-block-id=\"65f7b38\"><style>.stk-65f7b38-container{margin-top:0px !important;margin-right:0px !important;margin-bottom:0px !important;margin-left:0px !important}<\/style><div class=\"stk-column-wrapper stk-block-column__content stk-container stk-65f7b38-container stk--no-background stk--no-padding\"><div class=\"has-text-align-center stk-block-content stk-inner-blocks stk-65f7b38-inner-blocks\">\n<div class=\"wp-block-stackable-image stk-block-image stk-block stk-888757e\" data-block-id=\"888757e\"><style>.stk-888757e{margin-bottom:16px !important}.stk-888757e .stk-img-wrapper{height:95px !important}.stk-888757e .stk-img-wrapper img{object-fit:contain !important}<\/style><figure><span class=\"stk-img-wrapper stk-image--shape-stretch\"><img loading=\"lazy\" decoding=\"async\" class=\"stk-img wp-image-1402\" src=\"https:\/\/www.lts-spedition.de\/wp-content\/uploads\/2024\/05\/Fleisch_Icon.svg\" width=\"64\" height=\"64\" alt=\"Icon: Leistungen\"\/><\/span><\/figure><\/div>\n\n\n\n<div class=\"wp-block-stackable-spacer stk-block-spacer stk--no-padding stk-block stk-61fcc8e\" data-block-id=\"61fcc8e\"><style>.stk-61fcc8e{height:25px !important}<\/style><\/div>\n\n\n\n<div class=\"wp-block-stackable-heading stk-block-heading stk-block-heading--v2 stk-block stk-f793784\" id=\"anfahrt\" data-block-id=\"f793784\"><style>.stk-f793784{margin-bottom:0px !important}<\/style><h5 class=\"stk-block-heading__text\">Anfahrt<\/h5><\/div>\n\n\n\n<div class=\"wp-block-stackable-text stk-block-text stk-block stk-9b6bd84\" data-block-id=\"9b6bd84\"><style>.stk-9b6bd84{margin-bottom:16px !important}<\/style><p class=\"stk-block-text__text\">LTS Speditions GmbH<br>Siemensstra\u00dfe 2<br>49456 Bakum<\/p><\/div>\n<\/div><\/div><\/div>\n\n\n\n<div class=\"wp-block-stackable-column stk-block-column stk-column stk-block stk-bb0cff3\" data-v=\"4\" data-block-id=\"bb0cff3\"><style>.stk-bb0cff3-container{margin-top:0px !important;margin-right:0px !important;margin-bottom:0px !important;margin-left:0px !important}<\/style><div class=\"stk-column-wrapper stk-block-column__content stk-container stk-bb0cff3-container stk--no-background stk--no-padding\"><div class=\"has-text-align-center stk-block-content stk-inner-blocks stk-bb0cff3-inner-blocks\">\n<div class=\"wp-block-stackable-image stk-block-image stk-block stk-6471b69\" data-block-id=\"6471b69\"><style>.stk-6471b69{margin-bottom:16px !important}.stk-6471b69 .stk-img-wrapper{height:95px !important}.stk-6471b69 .stk-img-wrapper img{object-fit:contain !important}<\/style><figure><span class=\"stk-img-wrapper stk-image--shape-stretch\"><img loading=\"lazy\" decoding=\"async\" class=\"stk-img wp-image-1404\" src=\"https:\/\/www.lts-spedition.de\/wp-content\/uploads\/2024\/05\/Molkerei_Icon.svg\" width=\"64\" height=\"64\" alt=\"Icon: Leistungen\"\/><\/span><\/figure><\/div>\n\n\n\n<div class=\"wp-block-stackable-spacer stk-block-spacer stk--no-padding stk-block stk-db28168\" data-block-id=\"db28168\"><style>.stk-db28168{height:25px !important}<\/style><\/div>\n\n\n\n<div class=\"wp-block-stackable-heading stk-block-heading stk-block-heading--v2 stk-block stk-f8a70e9\" id=\"kontakt\" data-block-id=\"f8a70e9\"><style>.stk-f8a70e9{margin-bottom:0px !important}<\/style><h5 class=\"stk-block-heading__text\">Kontakt<\/h5><\/div>\n\n\n\n<div class=\"wp-block-stackable-text stk-block-text stk-block stk-c4f79fb\" data-block-id=\"c4f79fb\"><style>.stk-c4f79fb{margin-bottom:16px !important}<\/style><p class=\"stk-block-text__text\">Tel.: 0 44 45 \/ 9 68 40 0<br>Fax: 0 44 46 \/ 9 68 40 40<br>Mail: dispo@lts-spedition.de<\/p><\/div>\n<\/div><\/div><\/div>\n\n\n\n<div class=\"wp-block-stackable-column stk-block-column stk-column stk-block stk-e5a4425\" data-v=\"4\" data-block-id=\"e5a4425\"><style>.stk-e5a4425-container{margin-top:0px !important;margin-right:0px !important;margin-bottom:0px !important;margin-left:0px !important}<\/style><div class=\"stk-column-wrapper stk-block-column__content stk-container stk-e5a4425-container stk--no-background stk--no-padding\"><div class=\"has-text-align-center stk-block-content stk-inner-blocks stk-e5a4425-inner-blocks\">\n<div class=\"wp-block-stackable-image stk-block-image stk-block stk-f4cd074\" data-block-id=\"f4cd074\"><style>.stk-f4cd074{margin-bottom:16px !important}.stk-f4cd074 .stk-img-wrapper{height:95px !important}.stk-f4cd074 .stk-img-wrapper img{object-fit:contain !important}<\/style><figure><span class=\"stk-img-wrapper stk-image--shape-stretch\"><img loading=\"lazy\" decoding=\"async\" class=\"stk-img wp-image-1405\" src=\"https:\/\/www.lts-spedition.de\/wp-content\/uploads\/2024\/05\/Gemuese_Icon.svg\" width=\"64\" height=\"64\" alt=\"Icon: Leistungen\"\/><\/span><\/figure><\/div>\n\n\n\n<div class=\"wp-block-stackable-spacer stk-block-spacer stk--no-padding stk-block stk-9bf1725\" data-block-id=\"9bf1725\"><style>.stk-9bf1725{height:25px !important}<\/style><\/div>\n\n\n\n<div class=\"wp-block-stackable-heading stk-block-heading stk-block-heading--v2 stk-block stk-c511e59\" id=\"social-media\" data-block-id=\"c511e59\"><style>.stk-c511e59{margin-bottom:0px !important}<\/style><h5 class=\"stk-block-heading__text\">Social Media<\/h5><\/div>\n\n\n\n<div class=\"wp-block-stackable-text stk-block-text stk-block stk-2936766\" data-block-id=\"2936766\"><style>.stk-2936766{margin-bottom:16px !important}<\/style><p class=\"stk-block-text__text\">Facebook &gt;<br>Instagram &gt;<\/p><\/div>\n<\/div><\/div><\/div>\n<\/div><\/div>\n<\/div><\/div><\/div>\n<\/div><\/div>\n\n\n\n<div class=\"wp-block-stackable-spacer stk-block-spacer stk--no-padding stk-block stk-54e71a5\" data-block-id=\"54e71a5\"><style>.stk-54e71a5{height:175px !important}@media screen and (max-width:999px){.stk-54e71a5{height:50px !important}}<\/style><\/div>\n\n\n\n<div class=\"wp-block-stackable-heading stk-block-heading stk-block-heading--v2 stk-block stk-45e6a53\" id=\"wie-konnen-wir-ihnen-helfen\" data-block-id=\"45e6a53\"><style>.stk-45e6a53{margin-bottom:16px !important}.stk-45e6a53 .stk-block-heading__text{line-height:1.2em !important}<\/style><h2 class=\"stk-block-heading__text has-text-align-center\">Wie k\u00f6nnen wir Ihnen helfen?<\/h2><\/div>\n\n\n\n<div class=\"wp-block-stackable-text stk-block-text stk-block stk-0ced47d\" data-block-id=\"0ced47d\"><style>.stk-0ced47d{margin-bottom:0px !important}<\/style><p class=\"stk-block-text__text has-text-align-center\">Senden Sie uns gern einfach eine Nachricht und wir k\u00fcmmern uns so schnell wie m\u00f6glich um Sie.<\/p><\/div>\n\n\n\n<div class=\"wp-block-stackable-spacer stk-block-spacer stk--no-padding stk-block stk-0285952\" data-block-id=\"0285952\"><style>.stk-0285952{height:70px !important}@media screen and (max-width:999px){.stk-0285952{height:50px !important}}<\/style><\/div>\n\n\n\n<div class=\"wp-block-stackable-columns stk-block-columns stk-block stk-0d2d598\" data-block-id=\"0d2d598\"><style>.stk-0d2d598{margin-bottom:0px !important}<\/style><div class=\"stk-row stk-inner-blocks stk-block-content stk-content-align stk-0d2d598-column\">\n<div class=\"wp-block-stackable-column stk-block-column stk-column stk-block stk-1bf830e\" data-v=\"4\" data-block-id=\"1bf830e\"><style>.stk-1bf830e-container{margin-top:0px !important;margin-right:auto !important;margin-bottom:0px !important;margin-left:auto !important;max-width:750px !important}<\/style><div class=\"stk-column-wrapper stk-block-column__content stk-container stk-1bf830e-container stk--no-background stk--no-padding\"><div class=\"stk-block-content stk-inner-blocks stk-1bf830e-inner-blocks\"><\/div><\/div><\/div>\n<\/div><\/div>\n\n\n\n<div class=\"wp-block-stackable-spacer stk-block-spacer stk--no-padding stk-block stk-448670c\" data-block-id=\"448670c\"><style>.stk-448670c{height:130px !important}@media screen and (max-width:999px){.stk-448670c{height:80px !important}}<\/style><\/div>\n\n\n\n<div class=\"wp-block-stackable-columns alignfull stk-block-columns stk-block stk-51483c5 stk-block-background\" data-block-id=\"51483c5\"><style>.stk-51483c5 .stk--block-align-51483c5{align-items:center !important}.stk-51483c5{background-color:#0052a0 !important;padding-top:150px !important;padding-bottom:150px !important;margin-bottom:0px !important}.stk-51483c5:before{background-color:#0052a0 !important}.stk-51483c5-column{--stk-column-gap:35px !important}@media screen and (max-width:999px){.stk-51483c5{padding-top:100px !important;padding-bottom:100px !important}}<\/style><div class=\"stk-row stk-inner-blocks stk--block-align-51483c5 stk-block-content stk-content-align stk-51483c5-column\">\n<div class=\"wp-block-stackable-column stk-block-column stk-column stk-block stk-6cfc4a8\" data-v=\"4\" data-block-id=\"6cfc4a8\"><style>.stk-6cfc4a8-container{margin-top:0px !important;margin-right:0px !important;margin-bottom:0px !important;margin-left:0px !important}@media screen and (min-width:690px) and (max-width:999px){.stk-6cfc4a8{flex:var(--stk-flex-grow,1) 1 calc(100% - var(--stk-column-gap,0px) * 0 \/ 1 ) !important}}<\/style><div class=\"stk-column-wrapper stk-block-column__content stk-container stk-6cfc4a8-container stk--no-background stk--no-padding\"><div class=\"stk-block-content stk-inner-blocks stk-6cfc4a8-inner-blocks\">\n<div class=\"wp-block-stackable-text stk-block-text stk-block stk-488d65e\" data-block-id=\"488d65e\"><style>.stk-488d65e{margin-bottom:10px !important}.stk-488d65e .stk-block-text__text{color:var(--theme-palette-color-5,#edeff2) !important}<\/style><p class=\"stk-block-text__text has-text-color has-palette-color-5-color has-text-align-center-mobile\"><strong>LTS &#8211; Spedition<\/strong><\/p><\/div>\n\n\n\n<div class=\"wp-block-stackable-divider stk-block-divider stk--hide-mobile has-text-align-left stk-block stk-dcead3d is-style-bar\" data-block-id=\"dcead3d\"><style>.stk-dcead3d{margin-bottom:15px !important}.stk-dcead3d hr.stk-block-divider__hr{background:var(--theme-palette-color-1,#ffcd05) !important;border-radius:calc(4px \/ 2) !important;height:4px !important;width:17% !important}<\/style><hr class=\"stk-block-divider__hr\"\/><\/div>\n\n\n\n<div class=\"wp-block-stackable-heading stk-block-heading stk-block-heading--v2 stk-block stk-954caba\" id=\"vertrauen-mit-auf-dem-weg\" data-block-id=\"954caba\"><style>.stk-954caba{margin-bottom:20px !important}.stk-954caba .stk-block-heading__text{font-size:50px !important;color:var(--theme-palette-color-8,#ffffff) !important;line-height:1.2em !important}@media screen and (max-width:999px){.stk-954caba .stk-block-heading__text{font-size:40px !important}}<\/style><h2 class=\"stk-block-heading__text has-text-color has-palette-color-8-color has-text-align-center-mobile\">Vertrauen mit auf dem Weg.<\/h2><\/div>\n\n\n\n<div class=\"wp-block-stackable-text stk-block-text stk-block stk-35e8da2\" data-block-id=\"35e8da2\"><style>.stk-35e8da2{margin-bottom:40px !important}.stk-35e8da2 .stk-block-text__text{color:var(--theme-palette-color-5,#edeff2) !important}<\/style><p class=\"stk-block-text__text has-text-color has-palette-color-5-color has-text-align-center-mobile\">Die IFS Logistic Version 2.2 Zertifizierung best\u00e4tigt, dass LTS Spedition hohe Standards in der Lebensmittellogistik erf\u00fcllt. Diese Zertifizierung gew\u00e4hrleistet eine durchgehende Einhaltung der K\u00fchlkette und strenge Hygienema\u00dfnahmen, was die Sicherheit und Qualit\u00e4t des Lebensmitteltransports sicherstellt und das Vertrauen unserer Kunden in unsere Dienstleistungen st\u00e4rkt.<\/p><\/div>\n\n\n\n<div class=\"wp-block-stackable-columns stk-block-columns stk-block stk-d89a391\" data-block-id=\"d89a391\"><div class=\"stk-row stk-inner-blocks stk-block-content stk-content-align stk-d89a391-column\">\n<div class=\"wp-block-stackable-column stk-block-column stk-column stk-block stk-eaa6b4b\" data-v=\"4\" data-block-id=\"eaa6b4b\"><style>@media screen and (min-width:690px){.stk-eaa6b4b{flex:var(--stk-flex-grow,1) 1 calc(33.333% - var(--stk-column-gap,0px) * 1 \/ 2 ) !important}}<\/style><div class=\"stk-column-wrapper stk-block-column__content stk-container stk-eaa6b4b-container stk--no-background stk--no-padding\"><div class=\"stk-block-content stk-inner-blocks stk-eaa6b4b-inner-blocks\">\n<div class=\"wp-block-stackable-image stk-block-image stk-block stk-c659f2f\" data-block-id=\"c659f2f\"><style>.stk-c659f2f .stk-img-wrapper{height:100px !important}.stk-c659f2f .stk-img-wrapper img{object-fit:contain !important}<\/style><figure><span class=\"stk-img-wrapper stk-image--shape-stretch\"><img loading=\"lazy\" decoding=\"async\" class=\"stk-img wp-image-1350\" src=\"https:\/\/www.lts-spedition.de\/wp-content\/uploads\/2024\/05\/ifs-logo-ea2b181f.svg\" width=\"126\" height=\"75\"\/><\/span><\/figure><\/div>\n<\/div><\/div><\/div>\n\n\n\n<div class=\"wp-block-stackable-column stk-block-column stk-column stk-block stk-9b20c0f\" data-v=\"4\" data-block-id=\"9b20c0f\"><style>.stk-9b20c0f-container{margin-top:12px !important;margin-right:12px !important;margin-bottom:12px !important;margin-left:12px !important}.stk-9b20c0f-inner-blocks{justify-content:flex-start !important}@media screen and (min-width:690px){.stk-9b20c0f{flex:var(--stk-flex-grow,1) 1 calc(66.667% - var(--stk-column-gap,0px) * 1 \/ 2 ) !important}}<\/style><div class=\"stk-column-wrapper stk-block-column__content stk-container stk-9b20c0f-container stk--no-background stk--no-padding\"><div class=\"has-text-align-left stk--block-horizontal-flex stk--column-flex stk-block-content stk-inner-blocks stk-9b20c0f-inner-blocks\">\n<div class=\"wp-block-stackable-image alignleft stk-block-image has-text-align-left stk-block stk-1e89202\" data-block-id=\"1e89202\"><style>.stk-1e89202{border-top-left-radius:12px !important;border-top-right-radius:12px !important;border-bottom-right-radius:12px !important;border-bottom-left-radius:12px !important;overflow:hidden !important}.stk-1e89202 .stk-img-wrapper{height:100px !important}.stk-1e89202 .stk-img-wrapper img{object-fit:contain !important}<\/style><figure><span class=\"stk-img-wrapper stk-image--shape-stretch\"><img loading=\"lazy\" decoding=\"async\" class=\"stk-img wp-image-1351\" src=\"https:\/\/www.lts-spedition.de\/wp-content\/uploads\/2024\/05\/qs-logo-3e94f8f2.svg\" width=\"66\" height=\"75\"\/><\/span><\/figure><\/div>\n<\/div><\/div><\/div>\n<\/div><\/div>\n<\/div><\/div><\/div>\n\n\n\n<div class=\"wp-block-stackable-column stk-block-column stk-column stk-block stk-54ec8b1\" data-v=\"4\" data-block-id=\"54ec8b1\"><style>.stk-54ec8b1-container{margin-top:0px !important;margin-right:0px !important;margin-bottom:0px !important;margin-left:0px !important}@media screen and (min-width:690px) and (max-width:999px){.stk-54ec8b1{flex:var(--stk-flex-grow,1) 1 calc(50% - var(--stk-column-gap,0px) * 0 \/ 1 ) !important}}<\/style><div class=\"stk-column-wrapper stk-block-column__content stk-container stk-54ec8b1-container stk--no-background stk--no-padding\"><div class=\"stk-block-content stk-inner-blocks stk-54ec8b1-inner-blocks\"><\/div><\/div><\/div>\n<\/div><\/div>\n","protected":false},"excerpt":{"rendered":"<p>Kontakt Wir haben immer ein Ohr f\u00fcr Sie. Kontaktieren Sie uns bei LTS Spedition, um mehr \u00fcber Karrierem\u00f6glichkeiten in unserem engagierten und professionellen Team zu erfahren. Als krisensicheres Familienunternehmen legen wir gro\u00dfen Wert auf die Entwicklung unserer Mitarbeiter. Entdecken Sie vielf\u00e4ltige Karrierechancen, von Logistikexperten bis zu administrativen Rollen, und tragen Sie zu unserem anhaltenden Erfolg [&hellip;]<\/p>\n","protected":false},"author":1,"featured_media":361,"parent":0,"menu_order":0,"comment_status":"closed","ping_status":"closed","template":"","meta":{"footnotes":""},"class_list":["post-658","page","type-page","status-publish","has-post-thumbnail","hentry"],"blocksy_meta":{"styles_descriptor":{"styles":{"desktop":"","tablet":"","mobile":""},"google_fonts":[],"version":6}},"_links":{"self":[{"href":"https:\/\/www.lts-spedition.de\/index.php\/wp-json\/wp\/v2\/pages\/658","targetHints":{"allow":["GET"]}}],"collection":[{"href":"https:\/\/www.lts-spedition.de\/index.php\/wp-json\/wp\/v2\/pages"}],"about":[{"href":"https:\/\/www.lts-spedition.de\/index.php\/wp-json\/wp\/v2\/types\/page"}],"author":[{"embeddable":true,"href":"https:\/\/www.lts-spedition.de\/index.php\/wp-json\/wp\/v2\/users\/1"}],"replies":[{"embeddable":true,"href":"https:\/\/www.lts-spedition.de\/index.php\/wp-json\/wp\/v2\/comments?post=658"}],"version-history":[{"count":0,"href":"https:\/\/www.lts-spedition.de\/index.php\/wp-json\/wp\/v2\/pages\/658\/revisions"}],"wp:featuredmedia":[{"embeddable":true,"href":"https:\/\/www.lts-spedition.de\/index.php\/wp-json\/wp\/v2\/media\/361"}],"wp:attachment":[{"href":"https:\/\/www.lts-spedition.de\/index.php\/wp-json\/wp\/v2\/media?parent=658"}],"curies":[{"name":"wp","href":"https:\/\/api.w.org\/{rel}","templated":true}]}}